{"id":1273,"date":"2021-05-07T00:27:15","date_gmt":"2021-05-07T00:27:15","guid":{"rendered":"https:\/\/rotaryclubchuquiagomarka.org\/?page_id=1273"},"modified":"2023-12-17T04:36:51","modified_gmt":"2023-12-17T04:36:51","slug":"noticias","status":"publish","type":"page","link":"https:\/\/rotaryclubchuquiagomarka.org\/index.php\/noticias\/","title":{"rendered":"\u00daltimas Noticias"},"content":{"rendered":"\t\t<div data-elementor-type=\"wp-page\" data-elementor-id=\"1273\" class=\"elementor elementor-1273\">\n\t\t\t\t\t\t<section class=\"elementor-section elementor-top-section elementor-element elementor-element-40498426 elementor-section-boxed elementor-section-height-default elementor-section-height-default\" data-id=\"40498426\" data-element_type=\"section\" data-e-type=\"section\" data-settings=\"{&quot;background_background&quot;:&quot;classic&quot;}\">\n\t\t\t\t\t\t\t<div class=\"elementor-background-overlay\"><\/div>\n\t\t\t\t\t\t\t<div class=\"elementor-container elementor-column-gap-default\">\n\t\t\t\t\t<div class=\"elementor-column elementor-col-100 elementor-top-column elementor-element elementor-element-7913f3aa\" data-id=\"7913f3aa\" data-element_type=\"column\" data-e-type=\"column\">\n\t\t\t<div class=\"elementor-widget-wrap elementor-element-populated\">\n\t\t\t\t\t\t<div class=\"elementor-element elementor-element-dfe8a70 elementor-invisible elementor-widget elementor-widget-heading\" data-id=\"dfe8a70\" data-element_type=\"widget\" data-e-type=\"widget\" data-settings=\"{&quot;_animation&quot;:&quot;fadeInDown&quot;,&quot;_animation_delay&quot;:300}\" data-widget_type=\"heading.default\">\n\t\t\t\t<div class=\"elementor-widget-container\">\n\t\t\t\t\t<h1 class=\"elementor-heading-title elementor-size-default\">\u00daltimas Noticias<\/h1>\t\t\t\t<\/div>\n\t\t\t\t<\/div>\n\t\t\t\t<div class=\"elementor-element elementor-element-4e3e923b elementor-widget elementor-widget-text-editor\" data-id=\"4e3e923b\" data-element_type=\"widget\" data-e-type=\"widget\" data-widget_type=\"text-editor.default\">\n\t\t\t\t<div class=\"elementor-widget-container\">\n\t\t\t\t\t\t\t\t\t<p>Nuestras actividades y proyectos.<\/p>\t\t\t\t\t\t\t\t<\/div>\n\t\t\t\t<\/div>\n\t\t\t\t\t<\/div>\n\t\t<\/div>\n\t\t\t\t\t<\/div>\n\t\t<\/section>\n\t\t\t\t<section class=\"elementor-section elementor-top-section elementor-element elementor-element-1431f1a elementor-section-boxed elementor-section-height-default elementor-section-height-default\" data-id=\"1431f1a\" data-element_type=\"section\" data-e-type=\"section\" data-settings=\"{&quot;background_background&quot;:&quot;classic&quot;}\">\n\t\t\t\t\t\t<div class=\"elementor-container elementor-column-gap-default\">\n\t\t\t\t\t<div class=\"elementor-column elementor-col-50 elementor-top-column elementor-element elementor-element-186ec15\" data-id=\"186ec15\" data-element_type=\"column\" data-e-type=\"column\">\n\t\t\t<div class=\"elementor-widget-wrap elementor-element-populated\">\n\t\t\t\t\t\t<div class=\"elementor-element elementor-element-45d8d66 elementor-widget elementor-widget-posts\" data-id=\"45d8d66\" data-element_type=\"widget\" data-e-type=\"widget\" data-widget_type=\"posts.default\">\n\t\t\t\t<div class=\"elementor-widget-container\">\n\t\t\t\t\t \t\t\t\t<\/div>\n\t\t\t\t<\/div>\n\t\t\t\t\t<\/div>\n\t\t<\/div>\n\t\t\t\t<div class=\"elementor-column elementor-col-50 elementor-top-column elementor-element elementor-element-7e522c0\" data-id=\"7e522c0\" data-element_type=\"column\" data-e-type=\"column\">\n\t\t\t<div class=\"elementor-widget-wrap elementor-element-populated\">\n\t\t\t\t\t\t<div class=\"elementor-element elementor-element-cd580ef elementor-widget elementor-widget-sidebar\" data-id=\"cd580ef\" data-element_type=\"widget\" data-e-type=\"widget\" data-widget_type=\"sidebar.default\">\n\t\t\t\t<div class=\"elementor-widget-container\">\n\t\t\t\t\t<aside id=\"search-2\" class=\"widget widget_search\"><form role=\"search\" method=\"get\" class=\"search-form\" action=\"https:\/\/rotaryclubchuquiagomarka.org\/\">\n\t<label for=\"search-field\">\n\t\t<span class=\"screen-reader-text\">Buscar por:<\/span>\n\t\t<input type=\"search\" id=\"search-field\" class=\"search-field\"   placeholder=\"Buscar...\" value=\"\" name=\"s\" tabindex=\"-1\">\n\t\t\t<\/label>\n\t\t\t<input type=\"submit\" class=\"search-submit\" value=\"Buscar\">\n\t<\/form>\n<\/aside><aside id=\"categories-2\" class=\"widget widget_categories\"><h2 class=\"widget-title\">Categor\u00edas<\/h2><nav aria-label=\"Categor\u00edas\">\n\t\t\t<ul>\n\t\t\t\t\t<li class=\"cat-item cat-item-4\"><a href=\"https:\/\/rotaryclubchuquiagomarka.org\/index.php\/category\/campanas\/\">Campa\u00f1as<\/a>\n<\/li>\n\t<li class=\"cat-item cat-item-8\"><a href=\"https:\/\/rotaryclubchuquiagomarka.org\/index.php\/category\/historia\/\">Historia<\/a>\n<\/li>\n\t<li class=\"cat-item cat-item-5\"><a href=\"https:\/\/rotaryclubchuquiagomarka.org\/index.php\/category\/noticias\/\">Noticias<\/a>\n<\/li>\n\t<li class=\"cat-item cat-item-6\"><a href=\"https:\/\/rotaryclubchuquiagomarka.org\/index.php\/category\/proyectos\/\">Proyectos<\/a>\n<\/li>\n\t\t\t<\/ul>\n\n\t\t\t<\/nav><\/aside>\n\t\t<aside id=\"recent-posts-2\" class=\"widget widget_recent_entries\">\n\t\t<h2 class=\"widget-title\">Art\u00edculos Recientes<\/h2><nav aria-label=\"Art\u00edculos Recientes\">\n\t\t<ul>\n\t\t\t\t\t\t\t\t\t\t\t<li>\n\t\t\t\t\t<a href=\"https:\/\/rotaryclubchuquiagomarka.org\/index.php\/2023\/06\/27\/librosuerotarychm\/\">Entrega de libros UE Rotary Chuquiago Marka<\/a>\n\t\t\t\t\t\t\t\t\t<\/li>\n\t\t\t\t\t\t\t\t\t\t\t<li>\n\t\t\t\t\t<a href=\"https:\/\/rotaryclubchuquiagomarka.org\/index.php\/2023\/06\/22\/resumenpaulharris2023\/\">Video Resumen Paul Harris 2023<\/a>\n\t\t\t\t\t\t\t\t\t<\/li>\n\t\t\t\t\t\t\t\t\t\t\t<li>\n\t\t\t\t\t<a href=\"https:\/\/rotaryclubchuquiagomarka.org\/index.php\/2023\/06\/21\/galardonpaulharris2023\/\">Galardonados Paul Harris 2023<\/a>\n\t\t\t\t\t\t\t\t\t<\/li>\n\t\t\t\t\t\t\t\t\t\t\t<li>\n\t\t\t\t\t<a href=\"https:\/\/rotaryclubchuquiagomarka.org\/index.php\/2023\/06\/21\/paulharris2023\/\">Paul Harris 2023<\/a>\n\t\t\t\t\t\t\t\t\t<\/li>\n\t\t\t\t\t\t\t\t\t\t\t<li>\n\t\t\t\t\t<a href=\"https:\/\/rotaryclubchuquiagomarka.org\/index.php\/2023\/06\/01\/39nivuerotarychm\/\">39 Aniversario UE Rotary Chuquiago Marka<\/a>\n\t\t\t\t\t\t\t\t\t<\/li>\n\t\t\t\t\t<\/ul>\n\n\t\t<\/nav><\/aside><aside id=\"archives-2\" class=\"widget widget_archive\"><h2 class=\"widget-title\">Archivos<\/h2><nav aria-label=\"Archivos\">\n\t\t\t<ul>\n\t\t\t\t\t<li><a href='https:\/\/rotaryclubchuquiagomarka.org\/index.php\/2023\/06\/'>junio 2023<\/a><\/li>\n\t<li><a href='https:\/\/rotaryclubchuquiagomarka.org\/index.php\/2023\/05\/'>mayo 2023<\/a><\/li>\n\t<li><a href='https:\/\/rotaryclubchuquiagomarka.org\/index.php\/2023\/04\/'>abril 2023<\/a><\/li>\n\t<li><a href='https:\/\/rotaryclubchuquiagomarka.org\/index.php\/2023\/03\/'>marzo 2023<\/a><\/li>\n\t<li><a href='https:\/\/rotaryclubchuquiagomarka.org\/index.php\/2023\/02\/'>febrero 2023<\/a><\/li>\n\t<li><a href='https:\/\/rotaryclubchuquiagomarka.org\/index.php\/2023\/01\/'>enero 2023<\/a><\/li>\n\t<li><a href='https:\/\/rotaryclubchuquiagomarka.org\/index.php\/2022\/12\/'>diciembre 2022<\/a><\/li>\n\t<li><a href='https:\/\/rotaryclubchuquiagomarka.org\/index.php\/2022\/11\/'>noviembre 2022<\/a><\/li>\n\t<li><a href='https:\/\/rotaryclubchuquiagomarka.org\/index.php\/2022\/10\/'>octubre 2022<\/a><\/li>\n\t<li><a href='https:\/\/rotaryclubchuquiagomarka.org\/index.php\/2022\/08\/'>agosto 2022<\/a><\/li>\n\t<li><a href='https:\/\/rotaryclubchuquiagomarka.org\/index.php\/2022\/07\/'>julio 2022<\/a><\/li>\n\t<li><a href='https:\/\/rotaryclubchuquiagomarka.org\/index.php\/2022\/06\/'>junio 2022<\/a><\/li>\n\t<li><a href='https:\/\/rotaryclubchuquiagomarka.org\/index.php\/2022\/05\/'>mayo 2022<\/a><\/li>\n\t<li><a href='https:\/\/rotaryclubchuquiagomarka.org\/index.php\/2022\/04\/'>abril 2022<\/a><\/li>\n\t<li><a href='https:\/\/rotaryclubchuquiagomarka.org\/index.php\/2022\/02\/'>febrero 2022<\/a><\/li>\n\t<li><a href='https:\/\/rotaryclubchuquiagomarka.org\/index.php\/2021\/12\/'>diciembre 2021<\/a><\/li>\n\t<li><a href='https:\/\/rotaryclubchuquiagomarka.org\/index.php\/2021\/10\/'>octubre 2021<\/a><\/li>\n\t<li><a href='https:\/\/rotaryclubchuquiagomarka.org\/index.php\/2021\/05\/'>mayo 2021<\/a><\/li>\n\t<li><a href='https:\/\/rotaryclubchuquiagomarka.org\/index.php\/2021\/04\/'>abril 2021<\/a><\/li>\n\t<li><a href='https:\/\/rotaryclubchuquiagomarka.org\/index.php\/2020\/11\/'>noviembre 2020<\/a><\/li>\n\t\t\t<\/ul>\n\n\t\t\t<\/nav><\/aside><aside id=\"recent-comments-2\" class=\"widget widget_recent_comments\"><h2 class=\"widget-title\">Comentarios recientes<\/h2><nav aria-label=\"Comentarios recientes\"><ul id=\"recentcomments\"><\/ul><\/nav><\/aside>\t\t\t\t<\/div>\n\t\t\t\t<\/div>\n\t\t\t\t\t<\/div>\n\t\t<\/div>\n\t\t\t\t\t<\/div>\n\t\t<\/section>\n\t\t\t\t<section class=\"elementor-section elementor-top-section elementor-element elementor-element-7e895437 elementor-section-boxed elementor-section-height-default elementor-section-height-default\" data-id=\"7e895437\" data-element_type=\"section\" data-e-type=\"section\" data-settings=\"{&quot;background_background&quot;:&quot;classic&quot;}\">\n\t\t\t\t\t\t\t<div class=\"elementor-background-overlay\"><\/div>\n\t\t\t\t\t\t\t<div class=\"elementor-container elementor-column-gap-default\">\n\t\t\t\t\t<div class=\"elementor-column elementor-col-100 elementor-top-column elementor-element elementor-element-5f6e2f1e\" data-id=\"5f6e2f1e\" data-element_type=\"column\" data-e-type=\"column\">\n\t\t\t<div class=\"elementor-widget-wrap elementor-element-populated\">\n\t\t\t\t\t\t<div class=\"elementor-element elementor-element-46712c14 elementor-invisible elementor-widget elementor-widget-heading\" data-id=\"46712c14\" data-element_type=\"widget\" data-e-type=\"widget\" data-settings=\"{&quot;_animation&quot;:&quot;fadeInDown&quot;}\" data-widget_type=\"heading.default\">\n\t\t\t\t<div class=\"elementor-widget-container\">\n\t\t\t\t\t<h2 class=\"elementor-heading-title elementor-size-default\">Invol\u00facrate<\/h2>\t\t\t\t<\/div>\n\t\t\t\t<\/div>\n\t\t\t\t<div class=\"elementor-element elementor-element-7f4b0f97 elementor-widget elementor-widget-text-editor\" data-id=\"7f4b0f97\" data-element_type=\"widget\" data-e-type=\"widget\" data-widget_type=\"text-editor.default\">\n\t\t\t\t<div class=\"elementor-widget-container\">\n\t\t\t\t\t\t\t\t\t<p><span style=\"font-weight: 400;\">Juntos podemos hacer la diferencia para las personas con c\u00e1ncer en el pa\u00eds.<\/span><\/p>\t\t\t\t\t\t\t\t<\/div>\n\t\t\t\t<\/div>\n\t\t\t\t<div class=\"elementor-element elementor-element-7201641b elementor-align-center elementor-invisible elementor-widget elementor-widget-button\" data-id=\"7201641b\" data-element_type=\"widget\" data-e-type=\"widget\" data-settings=\"{&quot;_animation&quot;:&quot;fadeInDown&quot;,&quot;_animation_delay&quot;:700}\" data-widget_type=\"button.default\">\n\t\t\t\t<div class=\"elementor-widget-container\">\n\t\t\t\t\t\t\t\t\t<div class=\"elementor-button-wrapper\">\n\t\t\t\t\t<a class=\"elementor-button elementor-button-link elementor-size-sm\" href=\"#\">\n\t\t\t\t\t\t<span class=\"elementor-button-content-wrapper\">\n\t\t\t\t\t\t\t\t\t<span class=\"elementor-button-text\">contacto<\/span>\n\t\t\t\t\t<\/span>\n\t\t\t\t\t<\/a>\n\t\t\t\t<\/div>\n\t\t\t\t\t\t\t\t<\/div>\n\t\t\t\t<\/div>\n\t\t\t\t\t<\/div>\n\t\t<\/div>\n\t\t\t\t\t<\/div>\n\t\t<\/section>\n\t\t\t\t<\/div>\n\t\t","protected":false},"excerpt":{"rendered":"<p>\u00daltimas Noticias Nuestras actividades y proyectos. Invol\u00facrate Juntos podemos hacer la diferencia para las personas con c\u00e1ncer en el pa\u00eds. contacto<\/p>\n","protected":false},"author":1,"featured_media":0,"parent":0,"menu_order":0,"comment_status":"closed","ping_status":"closed","template":"","meta":{"site-sidebar-layout":"no-sidebar","site-content-layout":"page-builder","ast-site-content-layout":"default","site-content-style":"default","site-sidebar-style":"default","ast-global-header-display":"","ast-banner-title-visibility":"","ast-main-header-display":"","ast-hfb-above-header-display":"","ast-hfb-below-header-display":"","ast-hfb-mobile-header-display":"","site-post-title":"disabled","ast-breadcrumbs-content":"","ast-featured-img":"disabled","footer-sml-layout":"","ast-disable-related-posts":"","theme-transparent-header-meta":"default","adv-header-id-meta":"","stick-header-meta":"","header-above-stick-meta":"","header-main-stick-meta":"","header-below-stick-meta":"","astra-migrate-meta-layouts":"default","ast-page-background-enabled":"default","ast-page-background-meta":{"desktop":{"background-color":"","background-image":"","background-repeat":"repeat","background-position":"center center","background-size":"auto","background-attachment":"scroll","background-type":"","background-media":"","overlay-type":"","overlay-color":"","overlay-opacity":"","overlay-gradient":""},"tablet":{"background-color":"","background-image":"","background-repeat":"repeat","background-position":"center center","background-size":"auto","background-attachment":"scroll","background-type":"","background-media":"","overlay-type":"","overlay-color":"","overlay-opacity":"","overlay-gradient":""},"mobile":{"background-color":"","background-image":"","background-repeat":"repeat","background-position":"center center","background-size":"auto","background-attachment":"scroll","background-type":"","background-media":"","overlay-type":"","overlay-color":"","overlay-opacity":"","overlay-gradient":""}},"ast-content-background-meta":{"desktop":{"background-color":"var(--ast-global-color-5)","background-image":"","background-repeat":"repeat","background-position":"center center","background-size":"auto","background-attachment":"scroll","background-type":"","background-media":"","overlay-type":"","overlay-color":"","overlay-opacity":"","overlay-gradient":""},"tablet":{"background-color":"var(--ast-global-color-5)","background-image":"","background-repeat":"repeat","background-position":"center center","background-size":"auto","background-attachment":"scroll","background-type":"","background-media":"","overlay-type":"","overlay-color":"","overlay-opacity":"","overlay-gradient":""},"mobile":{"background-color":"var(--ast-global-color-5)","background-image":"","background-repeat":"repeat","background-position":"center center","background-size":"auto","background-attachment":"scroll","background-type":"","background-media":"","overlay-type":"","overlay-color":"","overlay-opacity":"","overlay-gradient":""}},"footnotes":""},"class_list":["post-1273","page","type-page","status-publish","hentry"],"_links":{"self":[{"href":"https:\/\/rotaryclubchuquiagomarka.org\/index.php\/wp-json\/wp\/v2\/pages\/1273","targetHints":{"allow":["GET"]}}],"collection":[{"href":"https:\/\/rotaryclubchuquiagomarka.org\/index.php\/wp-json\/wp\/v2\/pages"}],"about":[{"href":"https:\/\/rotaryclubchuquiagomarka.org\/index.php\/wp-json\/wp\/v2\/types\/page"}],"author":[{"embeddable":true,"href":"https:\/\/rotaryclubchuquiagomarka.org\/index.php\/wp-json\/wp\/v2\/users\/1"}],"replies":[{"embeddable":true,"href":"https:\/\/rotaryclubchuquiagomarka.org\/index.php\/wp-json\/wp\/v2\/comments?post=1273"}],"version-history":[{"count":65,"href":"https:\/\/rotaryclubchuquiagomarka.org\/index.php\/wp-json\/wp\/v2\/pages\/1273\/revisions"}],"predecessor-version":[{"id":3094,"href":"https:\/\/rotaryclubchuquiagomarka.org\/index.php\/wp-json\/wp\/v2\/pages\/1273\/revisions\/3094"}],"wp:attachment":[{"href":"https:\/\/rotaryclubchuquiagomarka.org\/index.php\/wp-json\/wp\/v2\/media?parent=1273"}],"curies":[{"name":"wp","href":"https:\/\/api.w.org\/{rel}","templated":true}]}}