{"id":1371,"date":"2021-05-07T16:54:27","date_gmt":"2021-05-07T16:54:27","guid":{"rendered":"https:\/\/rotaryclubchuquiagomarka.org\/?page_id=1371"},"modified":"2021-05-23T03:13:48","modified_gmt":"2021-05-23T03:13:48","slug":"ser_rotario","status":"publish","type":"page","link":"https:\/\/rotaryclubchuquiagomarka.org\/index.php\/ser_rotario\/","title":{"rendered":"\u00bfQuieres ser Rotario?"},"content":{"rendered":"\t\t<div data-elementor-type=\"wp-page\" data-elementor-id=\"1371\" class=\"elementor elementor-1371\">\n\t\t\t\t\t\t<section class=\"elementor-section elementor-top-section elementor-element elementor-element-183e1e1 elementor-section-stretched elementor-section-boxed elementor-section-height-default elementor-section-height-default\" data-id=\"183e1e1\" data-element_type=\"section\" data-e-type=\"section\" data-settings=\"{&quot;stretch_section&quot;:&quot;section-stretched&quot;,&quot;background_background&quot;:&quot;classic&quot;}\">\n\t\t\t\t\t\t<div class=\"elementor-container elementor-column-gap-default\">\n\t\t\t\t\t<div class=\"elementor-column elementor-col-33 elementor-top-column elementor-element elementor-element-c7b67df\" data-id=\"c7b67df\" data-element_type=\"column\" data-e-type=\"column\">\n\t\t\t<div class=\"elementor-widget-wrap elementor-element-populated\">\n\t\t\t\t\t\t<div class=\"elementor-element elementor-element-80b2902 elementor-invisible elementor-widget elementor-widget-heading\" data-id=\"80b2902\" data-element_type=\"widget\" data-e-type=\"widget\" data-settings=\"{&quot;_animation&quot;:&quot;fadeInDown&quot;}\" data-widget_type=\"heading.default\">\n\t\t\t\t<div class=\"elementor-widget-container\">\n\t\t\t\t\t<h2 class=\"elementor-heading-title elementor-size-default\">\u00bfQuieres ser Rotario?<\/h2>\t\t\t\t<\/div>\n\t\t\t\t<\/div>\n\t\t\t\t\t<\/div>\n\t\t<\/div>\n\t\t\t\t<div class=\"elementor-column elementor-col-66 elementor-top-column elementor-element elementor-element-0b0b39a\" data-id=\"0b0b39a\" data-element_type=\"column\" data-e-type=\"column\">\n\t\t\t<div class=\"elementor-widget-wrap elementor-element-populated\">\n\t\t\t\t\t\t<div class=\"elementor-element elementor-element-276d73d elementor-invisible elementor-widget elementor-widget-image\" data-id=\"276d73d\" data-element_type=\"widget\" data-e-type=\"widget\" data-settings=\"{&quot;_animation&quot;:&quot;fadeIn&quot;,&quot;_animation_delay&quot;:1000}\" data-widget_type=\"image.default\">\n\t\t\t\t<div class=\"elementor-widget-container\">\n\t\t\t\t\t\t\t\t\t\t\t\t\t\t\t<img fetchpriority=\"high\" decoding=\"async\" width=\"992\" height=\"527\" src=\"https:\/\/rotaryclubchuquiagomarka.org\/wp-content\/uploads\/2021\/05\/miembros.jpg\" class=\"attachment-large size-large wp-image-1383\" alt=\"\" srcset=\"https:\/\/rotaryclubchuquiagomarka.org\/wp-content\/uploads\/2021\/05\/miembros.jpg 992w, https:\/\/rotaryclubchuquiagomarka.org\/wp-content\/uploads\/2021\/05\/miembros-300x159.jpg 300w, https:\/\/rotaryclubchuquiagomarka.org\/wp-content\/uploads\/2021\/05\/miembros-768x408.jpg 768w\" sizes=\"(max-width: 992px) 100vw, 992px\" \/>\t\t\t\t\t\t\t\t\t\t\t\t\t\t\t<\/div>\n\t\t\t\t<\/div>\n\t\t\t\t\t<\/div>\n\t\t<\/div>\n\t\t\t\t\t<\/div>\n\t\t<\/section>\n\t\t\t\t<section class=\"elementor-section elementor-top-section elementor-element elementor-element-f5ebf46 elementor-section-boxed elementor-section-height-default elementor-section-height-default\" data-id=\"f5ebf46\" data-element_type=\"section\" data-e-type=\"section\">\n\t\t\t\t\t\t<div class=\"elementor-container elementor-column-gap-default\">\n\t\t\t\t\t<div class=\"elementor-column elementor-col-100 elementor-top-column elementor-element elementor-element-f3cc490\" data-id=\"f3cc490\" data-element_type=\"column\" data-e-type=\"column\">\n\t\t\t<div class=\"elementor-widget-wrap elementor-element-populated\">\n\t\t\t\t\t\t<div class=\"elementor-element elementor-element-b7a6bd6 elementor-widget elementor-widget-heading\" data-id=\"b7a6bd6\" data-element_type=\"widget\" data-e-type=\"widget\" data-widget_type=\"heading.default\">\n\t\t\t\t<div class=\"elementor-widget-container\">\n\t\t\t\t\t<h2 class=\"elementor-heading-title elementor-size-default\">Si quieres pertenecer a un club rotario, cont\u00e1ctanos para que te podamos orientar.<\/h2>\t\t\t\t<\/div>\n\t\t\t\t<\/div>\n\t\t\t\t\t<\/div>\n\t\t<\/div>\n\t\t\t\t\t<\/div>\n\t\t<\/section>\n\t\t\t\t<section class=\"elementor-section elementor-top-section elementor-element elementor-element-f159ee5 elementor-section-boxed elementor-section-height-default elementor-section-height-default\" data-id=\"f159ee5\" data-element_type=\"section\" data-e-type=\"section\" data-settings=\"{&quot;background_background&quot;:&quot;classic&quot;}\">\n\t\t\t\t\t\t<div class=\"elementor-container elementor-column-gap-default\">\n\t\t\t\t\t<div class=\"elementor-column elementor-col-50 elementor-top-column elementor-element elementor-element-f49589d\" data-id=\"f49589d\" data-element_type=\"column\" data-e-type=\"column\">\n\t\t\t<div class=\"elementor-widget-wrap elementor-element-populated\">\n\t\t\t\t\t\t<div class=\"elementor-element elementor-element-c16f13c elementor-widget elementor-widget-heading\" data-id=\"c16f13c\" data-element_type=\"widget\" data-e-type=\"widget\" data-widget_type=\"heading.default\">\n\t\t\t\t<div class=\"elementor-widget-container\">\n\t\t\t\t\t<h2 class=\"elementor-heading-title elementor-size-default\">Tienes perfil rotario si eres una persona adulta  y:<\/h2>\t\t\t\t<\/div>\n\t\t\t\t<\/div>\n\t\t\t\t\t<\/div>\n\t\t<\/div>\n\t\t\t\t<div class=\"elementor-column elementor-col-50 elementor-top-column elementor-element elementor-element-86ffecf\" data-id=\"86ffecf\" data-element_type=\"column\" data-e-type=\"column\">\n\t\t\t<div class=\"elementor-widget-wrap elementor-element-populated\">\n\t\t\t\t\t\t<div class=\"elementor-element elementor-element-7f6607d elementor-widget elementor-widget-text-editor\" data-id=\"7f6607d\" data-element_type=\"widget\" data-e-type=\"widget\" data-widget_type=\"text-editor.default\">\n\t\t\t\t<div class=\"elementor-widget-container\">\n\t\t\t\t\t\t\t\t\t<ul><li>Quieres servir a tu comunidad, mediante cualquier actividad que mejore tu barrio, tu ciudad, tu pa\u00eds.<\/li><li>Quieres encontrar amigos que piensen en forma similar sin importar la edad, creencia o la ocupaci\u00f3n.<\/li><li>Tienes una ocupaci\u00f3n, una profesi\u00f3n, un empleo que te gusta y te gustar\u00eda aplicarlo alguna vez en el servicio a tu comunidad.<\/li><li>Tienes un perfil de liderazgo, que muestra tu inquietud de seguir creciendo.<\/li><li>Te gusta la organizaci\u00f3n, el fomento de valores, la tolerancia y la vocaci\u00f3n de servir en la amistad.<\/li><\/ul>\t\t\t\t\t\t\t\t<\/div>\n\t\t\t\t<\/div>\n\t\t\t\t\t<\/div>\n\t\t<\/div>\n\t\t\t\t\t<\/div>\n\t\t<\/section>\n\t\t\t\t<section class=\"elementor-section elementor-top-section elementor-element elementor-element-68d6efad elementor-section-content-middle elementor-section-boxed elementor-section-height-default elementor-section-height-default\" data-id=\"68d6efad\" data-element_type=\"section\" data-e-type=\"section\" data-settings=\"{&quot;background_background&quot;:&quot;classic&quot;}\">\n\t\t\t\t\t\t<div class=\"elementor-container elementor-column-gap-no\">\n\t\t\t\t\t<div class=\"elementor-column elementor-col-100 elementor-top-column elementor-element elementor-element-61e45ba6\" data-id=\"61e45ba6\" data-element_type=\"column\" data-e-type=\"column\">\n\t\t\t<div class=\"elementor-widget-wrap elementor-element-populated\">\n\t\t\t\t\t\t<div class=\"elementor-element elementor-element-e27037a elementor-widget elementor-widget-image\" data-id=\"e27037a\" data-element_type=\"widget\" data-e-type=\"widget\" data-widget_type=\"image.default\">\n\t\t\t\t<div class=\"elementor-widget-container\">\n\t\t\t\t\t\t\t\t\t\t\t\t\t\t\t<img decoding=\"async\" src=\"https:\/\/rotaryclubchuquiagomarka.org\/wp-content\/uploads\/elementor\/thumbs\/RotaryPNG-p64al0oy2k75e9pboshvnm9gm2xrmm5bu5ijg0mew8.png\" title=\"RotaryPNG\" alt=\"Somos Chuquiago Marka!\" loading=\"lazy\" \/>\t\t\t\t\t\t\t\t\t\t\t\t\t\t\t<\/div>\n\t\t\t\t<\/div>\n\t\t\t\t<div class=\"elementor-element elementor-element-483f3250 elementor-widget elementor-widget-text-editor\" data-id=\"483f3250\" data-element_type=\"widget\" data-e-type=\"widget\" data-widget_type=\"text-editor.default\">\n\t\t\t\t<div class=\"elementor-widget-container\">\n\t\t\t\t\t\t\t\t\t<h3 style=\"text-align: center;\"><span style=\"color: #eea03c;\">El Rotary te ofrece un ambiente de amigos, un ambiente de trabajo, contactos con gente que cuenta con un empleo, una ocupaci\u00f3n, liderazgo en un sentido amplio y la posibilidad de seguir encontrando amigos en todo el mundo. La familia rotaria te ofrece la posibilidad de reunirte semanalmente en tu club, o cualquier otro club de tu ciudad, en caso de viajes puedes visitar cualquier otro club en el exterior en el d\u00eda de su reuni\u00f3n semanal, conociendo mucha gente y compartiendo valores.<\/span><\/h3>\t\t\t\t\t\t\t\t<\/div>\n\t\t\t\t<\/div>\n\t\t\t\t\t<\/div>\n\t\t<\/div>\n\t\t\t\t\t<\/div>\n\t\t<\/section>\n\t\t\t\t<\/div>\n\t\t","protected":false},"excerpt":{"rendered":"<p>\u00bfQuieres ser Rotario? Si quieres pertenecer a un club rotario, cont\u00e1ctanos para que te podamos orientar. Tienes perfil rotario si eres una persona adulta y: Quieres servir a tu comunidad, mediante cualquier actividad que mejore tu barrio, tu ciudad, tu pa\u00eds. Quieres encontrar amigos que piensen en forma similar sin importar la edad, creencia o [&hellip;]<\/p>\n","protected":false},"author":1,"featured_media":0,"parent":0,"menu_order":0,"comment_status":"closed","ping_status":"closed","template":"","meta":{"site-sidebar-layout":"no-sidebar","site-content-layout":"page-builder","ast-site-content-layout":"default","site-content-style":"default","site-sidebar-style":"default","ast-global-header-display":"","ast-banner-title-visibility":"","ast-main-header-display":"","ast-hfb-above-header-display":"","ast-hfb-below-header-display":"","ast-hfb-mobile-header-display":"","site-post-title":"disabled","ast-breadcrumbs-content":"","ast-featured-img":"disabled","footer-sml-layout":"","ast-disable-related-posts":"","theme-transparent-header-meta":"default","adv-header-id-meta":"","stick-header-meta":"","header-above-stick-meta":"","header-main-stick-meta":"","header-below-stick-meta":"","astra-migrate-meta-layouts":"default","ast-page-background-enabled":"default","ast-page-background-meta":{"desktop":{"background-color":"","background-image":"","background-repeat":"repeat","background-position":"center center","background-size":"auto","background-attachment":"scroll","background-type":"","background-media":"","overlay-type":"","overlay-color":"","overlay-opacity":"","overlay-gradient":""},"tablet":{"background-color":"","background-image":"","background-repeat":"repeat","background-position":"center center","background-size":"auto","background-attachment":"scroll","background-type":"","background-media":"","overlay-type":"","overlay-color":"","overlay-opacity":"","overlay-gradient":""},"mobile":{"background-color":"","background-image":"","background-repeat":"repeat","background-position":"center center","background-size":"auto","background-attachment":"scroll","background-type":"","background-media":"","overlay-type":"","overlay-color":"","overlay-opacity":"","overlay-gradient":""}},"ast-content-background-meta":{"desktop":{"background-color":"var(--ast-global-color-5)","background-image":"","background-repeat":"repeat","background-position":"center center","background-size":"auto","background-attachment":"scroll","background-type":"","background-media":"","overlay-type":"","overlay-color":"","overlay-opacity":"","overlay-gradient":""},"tablet":{"background-color":"var(--ast-global-color-5)","background-image":"","background-repeat":"repeat","background-position":"center center","background-size":"auto","background-attachment":"scroll","background-type":"","background-media":"","overlay-type":"","overlay-color":"","overlay-opacity":"","overlay-gradient":""},"mobile":{"background-color":"var(--ast-global-color-5)","background-image":"","background-repeat":"repeat","background-position":"center center","background-size":"auto","background-attachment":"scroll","background-type":"","background-media":"","overlay-type":"","overlay-color":"","overlay-opacity":"","overlay-gradient":""}},"footnotes":""},"class_list":["post-1371","page","type-page","status-publish","hentry"],"_links":{"self":[{"href":"https:\/\/rotaryclubchuquiagomarka.org\/index.php\/wp-json\/wp\/v2\/pages\/1371","targetHints":{"allow":["GET"]}}],"collection":[{"href":"https:\/\/rotaryclubchuquiagomarka.org\/index.php\/wp-json\/wp\/v2\/pages"}],"about":[{"href":"https:\/\/rotaryclubchuquiagomarka.org\/index.php\/wp-json\/wp\/v2\/types\/page"}],"author":[{"embeddable":true,"href":"https:\/\/rotaryclubchuquiagomarka.org\/index.php\/wp-json\/wp\/v2\/users\/1"}],"replies":[{"embeddable":true,"href":"https:\/\/rotaryclubchuquiagomarka.org\/index.php\/wp-json\/wp\/v2\/comments?post=1371"}],"version-history":[{"count":14,"href":"https:\/\/rotaryclubchuquiagomarka.org\/index.php\/wp-json\/wp\/v2\/pages\/1371\/revisions"}],"predecessor-version":[{"id":3166,"href":"https:\/\/rotaryclubchuquiagomarka.org\/index.php\/wp-json\/wp\/v2\/pages\/1371\/revisions\/3166"}],"wp:attachment":[{"href":"https:\/\/rotaryclubchuquiagomarka.org\/index.php\/wp-json\/wp\/v2\/media?parent=1371"}],"curies":[{"name":"wp","href":"https:\/\/api.w.org\/{rel}","templated":true}]}}