{"id":304,"date":"2021-04-07T11:57:05","date_gmt":"2021-04-07T11:57:05","guid":{"rendered":"https:\/\/rotaryclubchuquiagomarka.org\/?page_id=304"},"modified":"2024-06-07T17:08:46","modified_gmt":"2024-06-07T17:08:46","slug":"cateter","status":"publish","type":"page","link":"https:\/\/rotaryclubchuquiagomarka.org\/index.php\/cateter\/","title":{"rendered":"Banco de Cat\u00e9teres"},"content":{"rendered":"<h1>Banco de Cat\u00e9teres<\/h1>\n<p>Solic\u00edtalos aqu\u00ed<\/p>\n<h2>Proyecto Banco de  Cat\u00e9teres e insumos.<\/h2>\n<p>El proyecto en su generalidad trabaja con el Hospital del Ni\u00f1o, quien viabiliza las solicitudes y hace las evaluaciones de trabajo social.<\/p>\n<p>\t\t\t<a href=\"#\" role=\"button\"><br \/>\n\t\t\t\t\t\tLeer m\u00e1s<br \/>\n\t\t\t\t\t<\/a><br \/>\n\t\t\t\t\t\t\t\t\t\t\t\t<img decoding=\"async\" src=\"https:\/\/rotaryclubchuquiagomarka.org\/wp-content\/uploads\/elementor\/thumbs\/cat2-p64al0p3069jvwjn5yhfapmwmsqqih1vzqqofserrg.jpg\" title=\"cat2\" alt=\"cat2\" \/>\t\t\t\t\t\t\t\t\t\t\t\t\t\t<\/p>\n<h2>Alison de 6 a\u00f1os<\/h2>\n<p>Diagnosticada con Leucemia de c\u00e9lulas B, Alison recibe tratamiento oncol\u00f3gico desde que diagnosticada a sus 3 a\u00f1os y medio. Marisela, su mam\u00e1, habla de esta dolorosa experiencia.<\/p>\n<p>\t\t\t<a href=\"#\" role=\"button\"><br \/>\n\t\t\t\t\t\tLeer m\u00e1s<br \/>\n\t\t\t\t\t<\/a><br \/>\n\t\t<div style=\"width: 640px;\" class=\"wp-video\"><video class=\"wp-video-shortcode\" id=\"video-304-1\" width=\"640\" height=\"360\" preload=\"metadata\" controls=\"controls\"><source type=\"video\/mp4\" src=\"https:\/\/rotaryclubchuquiagomarka.org\/wp-content\/uploads\/2021\/05\/CATETER-ALISON-ARIAS-6-ANOS_480.mp4?_=1\" \/><a href=\"https:\/\/rotaryclubchuquiagomarka.org\/wp-content\/uploads\/2021\/05\/CATETER-ALISON-ARIAS-6-ANOS_480.mp4\">https:\/\/rotaryclubchuquiagomarka.org\/wp-content\/uploads\/2021\/05\/CATETER-ALISON-ARIAS-6-ANOS_480.mp4<\/a><\/video><\/div>\t\t<\/p>\n<h2>El Dar lo cambia todo<\/h2>\n<h3>El proyecto de Banco de Cat\u00e9teres e insumos, se inicia a partir del 25 de mayo del 2016, beneficiando hasta la fecha a 405 ni\u00f1os, con diferentes padecimientos.<\/h3>\n<h3>Historia<\/h3>\n<p>El proyecto de Banco de Cat\u00e9teres e insumos, se inicia a partir del 25 de mayo del 2016.<\/p>\n<p>\t\t\t<a href=\"#\" role=\"button\"><br \/>\n\t\t\t\t\t\tleer m\u00e1s<br \/>\n\t\t\t\t\t<\/a><\/p>\n<h3>Antecedentes<\/h3>\n<p>El proyecto se enfoca inicialmente en los requerimientos de ni\u00f1os que padecen c\u00e1ncer en el pa\u00eds.<\/p>\n<p>\t\t\t<a href=\"#\" role=\"button\"><br \/>\n\t\t\t\t\t\tLeer m\u00e1s<br \/>\n\t\t\t\t\t<\/a><\/p>\n<h3>Formulario<\/h3>\n<p>Inicia una solicitud, llenando los requisitos de contacto.<\/p>\n<p>\t\t\t<a href=\"#\" role=\"button\"><br \/>\n\t\t\t\t\t\tLeer m\u00e1s<br \/>\n\t\t\t\t\t<\/a><br \/>\n\t\t\t<a href=\"https:\/\/rotaryclubchuquiagomarka.org\/#proyectos\" role=\"button\"><br \/>\n\t\t\t\t\t\tNuestros Proyectos<br \/>\n\t\t\t\t\t<\/a><\/p>\n<h2>Invol\u00facrate<\/h2>\n<p>Juntos podemos hacer la diferencia para las personas con c\u00e1ncer en el pa\u00eds.<\/p>\n<p>\t\t\t<a href=\"#\" role=\"button\"><br \/>\n\t\t\t\t\t\tcontacto<br \/>\n\t\t\t\t\t<\/a><\/p>\n","protected":false},"excerpt":{"rendered":"<p>Banco de Cat\u00e9teres Solic\u00edtalos aqu\u00ed Proyecto Banco de Cat\u00e9teres e insumos. El proyecto en su generalidad trabaja con el Hospital del Ni\u00f1o, quien viabiliza las solicitudes y hace las evaluaciones de trabajo social. Leer m\u00e1s Alison de 6 a\u00f1os Diagnosticada con Leucemia de c\u00e9lulas B, Alison recibe tratamiento oncol\u00f3gico desde que diagnosticada a sus 3 [&hellip;]<\/p>\n","protected":false},"author":1,"featured_media":0,"parent":0,"menu_order":0,"comment_status":"closed","ping_status":"closed","template":"","meta":{"site-sidebar-layout":"no-sidebar","site-content-layout":"page-builder","ast-site-content-layout":"default","site-content-style":"default","site-sidebar-style":"default","ast-global-header-display":"","ast-banner-title-visibility":"","ast-main-header-display":"","ast-hfb-above-header-display":"","ast-hfb-below-header-display":"","ast-hfb-mobile-header-display":"","site-post-title":"disabled","ast-breadcrumbs-content":"","ast-featured-img":"disabled","footer-sml-layout":"","ast-disable-related-posts":"","theme-transparent-header-meta":"default","adv-header-id-meta":"","stick-header-meta":"","header-above-stick-meta":"","header-main-stick-meta":"","header-below-stick-meta":"","astra-migrate-meta-layouts":"default","ast-page-background-enabled":"default","ast-page-background-meta":{"desktop":{"background-color":"","background-image":"","background-repeat":"repeat","background-position":"center center","background-size":"auto","background-attachment":"scroll","background-type":"","background-media":"","overlay-type":"","overlay-color":"","overlay-opacity":"","overlay-gradient":""},"tablet":{"background-color":"","background-image":"","background-repeat":"repeat","background-position":"center center","background-size":"auto","background-attachment":"scroll","background-type":"","background-media":"","overlay-type":"","overlay-color":"","overlay-opacity":"","overlay-gradient":""},"mobile":{"background-color":"","background-image":"","background-repeat":"repeat","background-position":"center center","background-size":"auto","background-attachment":"scroll","background-type":"","background-media":"","overlay-type":"","overlay-color":"","overlay-opacity":"","overlay-gradient":""}},"ast-content-background-meta":{"desktop":{"background-color":"var(--ast-global-color-5)","background-image":"","background-repeat":"repeat","background-position":"center center","background-size":"auto","background-attachment":"scroll","background-type":"","background-media":"","overlay-type":"","overlay-color":"","overlay-opacity":"","overlay-gradient":""},"tablet":{"background-color":"var(--ast-global-color-5)","background-image":"","background-repeat":"repeat","background-position":"center center","background-size":"auto","background-attachment":"scroll","background-type":"","background-media":"","overlay-type":"","overlay-color":"","overlay-opacity":"","overlay-gradient":""},"mobile":{"background-color":"var(--ast-global-color-5)","background-image":"","background-repeat":"repeat","background-position":"center center","background-size":"auto","background-attachment":"scroll","background-type":"","background-media":"","overlay-type":"","overlay-color":"","overlay-opacity":"","overlay-gradient":""}},"footnotes":""},"class_list":["post-304","page","type-page","status-publish","hentry"],"_links":{"self":[{"href":"https:\/\/rotaryclubchuquiagomarka.org\/index.php\/wp-json\/wp\/v2\/pages\/304","targetHints":{"allow":["GET"]}}],"collection":[{"href":"https:\/\/rotaryclubchuquiagomarka.org\/index.php\/wp-json\/wp\/v2\/pages"}],"about":[{"href":"https:\/\/rotaryclubchuquiagomarka.org\/index.php\/wp-json\/wp\/v2\/types\/page"}],"author":[{"embeddable":true,"href":"https:\/\/rotaryclubchuquiagomarka.org\/index.php\/wp-json\/wp\/v2\/users\/1"}],"replies":[{"embeddable":true,"href":"https:\/\/rotaryclubchuquiagomarka.org\/index.php\/wp-json\/wp\/v2\/comments?post=304"}],"version-history":[{"count":74,"href":"https:\/\/rotaryclubchuquiagomarka.org\/index.php\/wp-json\/wp\/v2\/pages\/304\/revisions"}],"predecessor-version":[{"id":3076,"href":"https:\/\/rotaryclubchuquiagomarka.org\/index.php\/wp-json\/wp\/v2\/pages\/304\/revisions\/3076"}],"wp:attachment":[{"href":"https:\/\/rotaryclubchuquiagomarka.org\/index.php\/wp-json\/wp\/v2\/media?parent=304"}],"curies":[{"name":"wp","href":"https:\/\/api.w.org\/{rel}","templated":true}]}}